{"id":1562,"date":"2023-04-08T04:47:33","date_gmt":"2023-04-08T04:47:33","guid":{"rendered":"https:\/\/unicktheme.com\/theme\/gardnma\/?page_id=1562"},"modified":"2024-03-31T11:16:06","modified_gmt":"2024-03-31T15:16:06","slug":"contact-nous","status":"publish","type":"page","link":"https:\/\/pavageryan.com\/index.php\/contact-nous\/","title":{"rendered":"Contactez-nous"},"content":{"rendered":"\t\t<div data-elementor-type=\"wp-page\" data-elementor-id=\"1562\" class=\"elementor elementor-1562\">\n\t\t\t\t\t\t<section class=\"elementor-section elementor-top-section elementor-element elementor-element-d50e2c3 elementor-section-full_width elementor-section-height-default elementor-section-height-default\" data-id=\"d50e2c3\" data-element_type=\"section\">\n\t\t\t\t\t\t<div class=\"elementor-container elementor-column-gap-no\">\n\t\t\t\t\t<div class=\"elementor-column elementor-col-100 elementor-top-column elementor-element elementor-element-a8d956c\" data-id=\"a8d956c\" data-element_type=\"column\">\n\t\t\t<div class=\"elementor-widget-wrap elementor-element-populated\">\n\t\t\t\t\t\t<div class=\"elementor-element elementor-element-0129ef5 elementor-widget elementor-widget-gardnma_contact_form_block\" data-id=\"0129ef5\" data-element_type=\"widget\" data-widget_type=\"gardnma_contact_form_block.default\">\n\t\t\t\t<div class=\"elementor-widget-container\">\n\t\t\t\t\t\t\t\n\n\t\t<!--Start Contact Page -->\n        <section class=\"contact-page\">\n            <div class=\"container\">\n                <div class=\"row\">\n\n                    <!--Start Contact One Form Contact-->\n                    <div class=\"col-xl-8\">\n                        <div class=\"contact-one__form contact-one__form--contact\">\n                            <div class=\"sec-title\">\n                                <div class=\"sec-title__tagline\">\n                                    <h6>Contactez-nous<\/h6>\n                                    <span class=\"right\"><\/span>\n                                <\/div>\n                                <h2 class=\"sec-title__title\"><\/h2>\n                            <\/div>\n\n\n                            \n                            \n<div class=\"wpcf7 no-js\" id=\"wpcf7-f2417-o1\" lang=\"en-US\" dir=\"ltr\">\n<div class=\"screen-reader-response\"><p role=\"status\" aria-live=\"polite\" aria-atomic=\"true\"><\/p> <ul><\/ul><\/div>\n<form action=\"\/index.php\/wp-json\/wp\/v2\/pages\/1562#wpcf7-f2417-o1\" method=\"post\" class=\"wpcf7-form init\" aria-label=\"Contact form\" novalidate=\"novalidate\" data-status=\"init\">\n<div style=\"display: none;\">\n<input type=\"hidden\" name=\"_wpcf7\" value=\"2417\" \/>\n<input type=\"hidden\" name=\"_wpcf7_version\" value=\"5.9.6\" \/>\n<input type=\"hidden\" name=\"_wpcf7_locale\" value=\"en_US\" \/>\n<input type=\"hidden\" name=\"_wpcf7_unit_tag\" value=\"wpcf7-f2417-o1\" \/>\n<input type=\"hidden\" name=\"_wpcf7_container_post\" value=\"0\" \/>\n<input type=\"hidden\" name=\"_wpcf7_posted_data_hash\" value=\"\" \/>\n<\/div>\n<div class=\"row\">\n\t<div class=\"col-xl-6 col-lg-6 col-md-6\">\n\t\t<div class=\"input-box\">\n\t\t\t<p><span class=\"wpcf7-form-control-wrap\" data-name=\"text-nom\"><input size=\"40\" maxlength=\"80\" class=\"wpcf7-form-control wpcf7-text wpcf7-validates-as-required\" aria-required=\"true\" aria-invalid=\"false\" placeholder=\"Votre nom\" value=\"\" type=\"text\" name=\"text-nom\" \/><\/span>\n\t\t\t<\/p>\n\t\t<\/div>\n\t<\/div>\n\t<div class=\"col-xl-6 col-lg-6 col-md-6\">\n\t\t<div class=\"input-box\">\n\t\t\t<p><span class=\"wpcf7-form-control-wrap\" data-name=\"email-321\"><input size=\"40\" maxlength=\"80\" class=\"wpcf7-form-control wpcf7-email wpcf7-validates-as-required wpcf7-text wpcf7-validates-as-email\" aria-required=\"true\" aria-invalid=\"false\" placeholder=\"Adresse Courriel\" value=\"\" type=\"email\" name=\"email-321\" \/><\/span>\n\t\t\t<\/p>\n\t\t<\/div>\n\t<\/div>\n<\/div>\n<div class=\"row\">\n\t<div class=\"col-xl-6 col-lg-6 col-md-6\">\n\t\t<div class=\"input-box\">\n\t\t\t<p><span class=\"wpcf7-form-control-wrap\" data-name=\"text-date\"><input size=\"40\" maxlength=\"80\" class=\"wpcf7-form-control wpcf7-text wpcf7-validates-as-required\" id=\"datepicker\" aria-required=\"true\" aria-invalid=\"false\" placeholder=\"S\u00e9lectionnez la date\" value=\"\" type=\"text\" name=\"text-date\" \/><\/span>\n\t\t\t<\/p>\n\t\t<\/div>\n\t<\/div>\n\t<div class=\"col-xl-6 col-lg-6 col-md-6\">\n\t\t<div class=\"input-box\">\n\t\t\t<div class=\"select-box\">\n\t\t\t\t<p><span class=\"wpcf7-form-control-wrap\" data-name=\"menu-150\"><select class=\"wpcf7-form-control wpcf7-select wpcf7-validates-as-required selectmenu\" aria-required=\"true\" aria-invalid=\"false\" name=\"menu-150\"><option value=\"S\u00e9lectionnez la cat\u00e9gorie\">S\u00e9lectionnez la cat\u00e9gorie<\/option><option value=\"Am\u00e9nagement paysager\">Am\u00e9nagement paysager<\/option><option value=\"Asphalte\">Asphalte<\/option><option value=\"Pav\u00e9-uni\">Pav\u00e9-uni<\/option><option value=\"Excavation\">Excavation<\/option><option value=\"Gazon\">Gazon<\/option><option value=\"Mur de sout\u00e8nement\">Mur de sout\u00e8nement<\/option><option value=\"Patios et terrassement\">Patios et terrassement<\/option><\/select><\/span>\n\t\t\t\t<\/p>\n\t\t\t<\/div>\n\t\t<\/div>\n\t<\/div>\n<\/div>\n<div class=\"row\">\n\t<div class=\"col-xl-6 col-lg-6 col-md-6\">\n\t\t<div class=\"contact-one__form-btn\">\n\t\t\t<p><button class=\"thm-btn\" type=\"submit\" data-loading-text=\"Please wait...\"><br \/>\n<span class=\"txt\">R\u00e9servez maintenant<\/span><br \/>\n<i class=\"icon-double-chevron\"><\/i><br \/>\n<\/button>\n\t\t\t<\/p>\n\t\t<\/div>\n\t<\/div>\n<\/div><div class=\"wpcf7-response-output\" aria-hidden=\"true\"><\/div>\n<\/form>\n<\/div>\n                            \n\n                        <\/div>\n                    <\/div>\n                    <!--End Contact One Form Contact-->\n\n                    <!--Start Contact Page Img-->\n                    <div class=\"col-xl-4\">\n                        <div class=\"contact-page__img\">\n\t\t\t\t\t\t<img decoding=\"async\" src=\"https:\/\/pavageryan.com\/wp-content\/uploads\/2024\/03\/pavage-rayan-form.jpg\" alt=\"Awesome Image\">\n                        <\/div>\n                    <\/div>\n                    <!--End Contact Page Img-->\n\n                <\/div>\n            <\/div>\n        <\/section>\n        <!--End Contact Page ---->\n    \t\t\t\t<\/div>\n\t\t\t\t<\/div>\n\t\t\t\t\t<\/div>\n\t\t<\/div>\n\t\t\t\t\t<\/div>\n\t\t<\/section>\n\t\t\t\t<section class=\"elementor-section elementor-top-section elementor-element elementor-element-d6ea2d6 elementor-section-boxed elementor-section-height-default elementor-section-height-default\" data-id=\"d6ea2d6\" data-element_type=\"section\">\n\t\t\t\t\t\t<div class=\"elementor-container elementor-column-gap-no\">\n\t\t\t\t\t<div class=\"elementor-column elementor-col-50 elementor-top-column elementor-element elementor-element-ba7ded6\" data-id=\"ba7ded6\" data-element_type=\"column\">\n\t\t\t<div class=\"elementor-widget-wrap elementor-element-populated\">\n\t\t\t\t\t\t<div class=\"elementor-element elementor-element-0d90a0e elementor-widget elementor-widget-google_maps\" data-id=\"0d90a0e\" data-element_type=\"widget\" data-widget_type=\"google_maps.default\">\n\t\t\t\t<div class=\"elementor-widget-container\">\n\t\t\t\t\t\t\t<div class=\"elementor-custom-embed\">\n\t\t\t<iframe loading=\"lazy\"\n\t\t\t\t\tsrc=\"https:\/\/maps.google.com\/maps?q=8395%20rue%20Lessard%2C%20Laval%20%28Qu%C3%A9bec%29%20H7A%201R5&#038;t=m&#038;z=10&#038;output=embed&#038;iwloc=near\"\n\t\t\t\t\ttitle=\"8395 rue Lessard, Laval (Qu\u00e9bec) H7A 1R5\"\n\t\t\t\t\taria-label=\"8395 rue Lessard, Laval (Qu\u00e9bec) H7A 1R5\"\n\t\t\t><\/iframe>\n\t\t<\/div>\n\t\t\t\t\t\t<\/div>\n\t\t\t\t<\/div>\n\t\t\t\t\t<\/div>\n\t\t<\/div>\n\t\t\t\t<div class=\"elementor-column elementor-col-50 elementor-top-column elementor-element elementor-element-eef9f78\" data-id=\"eef9f78\" data-element_type=\"column\">\n\t\t\t<div class=\"elementor-widget-wrap elementor-element-populated\">\n\t\t\t\t\t\t<div class=\"elementor-element elementor-element-28a5354 elementor-widget elementor-widget-gardnma_contact_us_block\" data-id=\"28a5354\" data-element_type=\"widget\" data-widget_type=\"gardnma_contact_us_block.default\">\n\t\t\t\t<div class=\"elementor-widget-container\">\n\t\t\t\t\t\t\t\n\n\t\n\t<div class=\"contact-page-bottom__content\">\n\t\t<div class=\"sec-title\">\n\t\t\t<div class=\"sec-title__tagline\">\n\t\t\t\t<h6>Contactez-nous<\/h6>\n\t\t\t\t<span class=\"right\"><\/span>\n\t\t\t<\/div>\n\t\t\t<h2 class=\"sec-title__title\">Prendre contact<\/h2>\n\t\t<\/div>\n\t\t<div class=\"contact-page-bottom__content-img\">\n\t\t\t<img decoding=\"async\" src=\"https:\/\/pavageryan.com\/wp-content\/uploads\/2023\/04\/contact-page-bottom-img.jpg\" alt=\"Awesome Image\">\n\n\t\t\t<div class=\"contact-info\">\n\t\t\t\t<ul>\n\t\t\t\t\t\t\t\t\t\t<li>\n\t\t\t\t\t\t<div class=\"inner\">\n\t\t\t\t\t\t\t<div class=\"icon-box\">\n\t\t\t\t\t\t\t\t<span class=\" icon-phone-call-1\"><\/span>\n\t\t\t\t\t\t\t<\/div>\n\n\t\t\t\t\t\t\t<div class=\"content-box\">\n\t\t\t\t\t\t\t\t<p>  <a href=\"http:\/\/5146214548\">(514) 621-4548<\/a><\/p>\n\t\t\t\t\t\t\t<\/div>\n\t\t\t\t\t\t<\/div>\n\t\t\t\t\t<\/li>\n\t\t\t\t\t\t\t\t\t\t<li>\n\t\t\t\t\t\t<div class=\"inner\">\n\t\t\t\t\t\t\t<div class=\"icon-box\">\n\t\t\t\t\t\t\t\t<span class=\" icon-message\"><\/span>\n\t\t\t\t\t\t\t<\/div>\n\n\t\t\t\t\t\t\t<div class=\"content-box\">\n\t\t\t\t\t\t\t\t<p>  <a href=\"\">info@pavageryan.com<\/a><\/p>\n\t\t\t\t\t\t\t<\/div>\n\t\t\t\t\t\t<\/div>\n\t\t\t\t\t<\/li>\n\t\t\t\t\t\t\t\t\t\t<li>\n\t\t\t\t\t\t<div class=\"inner\">\n\t\t\t\t\t\t\t<div class=\"icon-box\">\n\t\t\t\t\t\t\t\t<span class=\" icon-placeholder\"><\/span>\n\t\t\t\t\t\t\t<\/div>\n\n\t\t\t\t\t\t\t<div class=\"content-box\">\n\t\t\t\t\t\t\t\t<p>  <a href=\"\">8395 rue Lessard, Laval (QC) H7A 1R5<\/a><\/p>\n\t\t\t\t\t\t\t<\/div>\n\t\t\t\t\t\t<\/div>\n\t\t\t\t\t<\/li>\n\t\t\t\t\t\t\t\t\t<\/ul>\n\t\t\t<\/div>\n\t\t<\/div>\n\t<\/div>\n\n                \n    \t\t\t\t<\/div>\n\t\t\t\t<\/div>\n\t\t\t\t\t<\/div>\n\t\t<\/div>\n\t\t\t\t\t<\/div>\n\t\t<\/section>\n\t\t\t\t<\/div>\n\t\t","protected":false},"excerpt":{"rendered":"<p>Contactez-nous S\u00e9lectionnez la cat\u00e9gorieAm\u00e9nagement paysagerAsphaltePav\u00e9-uniExcavationGazonMur de sout\u00e8nementPatios et terrassement R\u00e9servez maintenant Contactez-nous Prendre contact (514) 621-4548 info@pavageryan.com 8395 rue Lessard, Laval (QC) H7A 1R5<\/p>\n","protected":false},"author":1,"featured_media":0,"parent":0,"menu_order":0,"comment_status":"closed","ping_status":"closed","template":"tpl-default-elementor.php","meta":{"footnotes":""},"_links":{"self":[{"href":"https:\/\/pavageryan.com\/index.php\/wp-json\/wp\/v2\/pages\/1562"}],"collection":[{"href":"https:\/\/pavageryan.com\/index.php\/wp-json\/wp\/v2\/pages"}],"about":[{"href":"https:\/\/pavageryan.com\/index.php\/wp-json\/wp\/v2\/types\/page"}],"author":[{"embeddable":true,"href":"https:\/\/pavageryan.com\/index.php\/wp-json\/wp\/v2\/users\/1"}],"replies":[{"embeddable":true,"href":"https:\/\/pavageryan.com\/index.php\/wp-json\/wp\/v2\/comments?post=1562"}],"version-history":[{"count":32,"href":"https:\/\/pavageryan.com\/index.php\/wp-json\/wp\/v2\/pages\/1562\/revisions"}],"predecessor-version":[{"id":2896,"href":"https:\/\/pavageryan.com\/index.php\/wp-json\/wp\/v2\/pages\/1562\/revisions\/2896"}],"wp:attachment":[{"href":"https:\/\/pavageryan.com\/index.php\/wp-json\/wp\/v2\/media?parent=1562"}],"curies":[{"name":"wp","href":"https:\/\/api.w.org\/{rel}","templated":true}]}}