{"id":2596,"date":"2024-03-24T13:35:53","date_gmt":"2024-03-24T17:35:53","guid":{"rendered":"https:\/\/pavageryan.com\/?page_id=2596"},"modified":"2024-03-24T19:02:37","modified_gmt":"2024-03-24T23:02:37","slug":"installation-des-clotures","status":"publish","type":"page","link":"https:\/\/pavageryan.com\/index.php\/installation-des-clotures\/","title":{"rendered":"Installation des cl\u00f4tures"},"content":{"rendered":"\t\t<div data-elementor-type=\"wp-page\" data-elementor-id=\"2596\" class=\"elementor elementor-2596\">\n\t\t\t\t\t\t<section class=\"elementor-section elementor-top-section elementor-element elementor-element-da67f3a elementor-section-boxed elementor-section-height-default elementor-section-height-default\" data-id=\"da67f3a\" data-element_type=\"section\">\n\t\t\t\t\t\t<div class=\"elementor-container elementor-column-gap-default\">\n\t\t\t\t\t<div class=\"elementor-column elementor-col-50 elementor-top-column elementor-element elementor-element-6e182d9\" data-id=\"6e182d9\" data-element_type=\"column\">\n\t\t\t<div class=\"elementor-widget-wrap elementor-element-populated\">\n\t\t\t\t\t\t<div class=\"elementor-element elementor-element-f892694 elementor-widget elementor-widget-image\" data-id=\"f892694\" data-element_type=\"widget\" data-widget_type=\"image.default\">\n\t\t\t\t<div class=\"elementor-widget-container\">\n\t\t\t\t\t\t\t\t\t\t\t\t\t\t\t<img fetchpriority=\"high\" decoding=\"async\" width=\"1024\" height=\"494\" src=\"https:\/\/pavageryan.com\/wp-content\/uploads\/2024\/03\/installation-des-clotures-mail-lattes.jpg\" class=\"attachment-full size-full wp-image-2599\" alt=\"Installation des cl\u00f4tures\" srcset=\"https:\/\/pavageryan.com\/wp-content\/uploads\/2024\/03\/installation-des-clotures-mail-lattes.jpg 1024w, https:\/\/pavageryan.com\/wp-content\/uploads\/2024\/03\/installation-des-clotures-mail-lattes-300x145.jpg 300w, https:\/\/pavageryan.com\/wp-content\/uploads\/2024\/03\/installation-des-clotures-mail-lattes-768x371.jpg 768w\" sizes=\"(max-width: 1024px) 100vw, 1024px\" \/>\t\t\t\t\t\t\t\t\t\t\t\t\t\t\t<\/div>\n\t\t\t\t<\/div>\n\t\t\t\t<div class=\"elementor-element elementor-element-64d9e01 elementor-widget elementor-widget-heading\" data-id=\"64d9e01\" data-element_type=\"widget\" data-widget_type=\"heading.default\">\n\t\t\t\t<div class=\"elementor-widget-container\">\n\t\t\t\t\t<h2 class=\"elementor-heading-title elementor-size-default\">Installation des cl\u00f4tures<\/h2>\t\t\t\t<\/div>\n\t\t\t\t<\/div>\n\t\t\t\t<div class=\"elementor-element elementor-element-ffb54a3 elementor-widget elementor-widget-heading\" data-id=\"ffb54a3\" data-element_type=\"widget\" data-widget_type=\"heading.default\">\n\t\t\t\t<div class=\"elementor-widget-container\">\n\t\t\t\t\t<h2 class=\"elementor-heading-title elementor-size-default\">Aussi nous installons les cl\u00f4ture en maille de cha\u00eenes (frost) avec ou sans Lattes d\u2019intimit\u00e9e et les cl\u00f4tures ornementales , Plusieurs mod\u00e8les et couleurs disponibles.\n\nAppelez-nous d\u00e8s aujourd'hui pour une estimation gratuite!<\/h2>\t\t\t\t<\/div>\n\t\t\t\t<\/div>\n\t\t\t\t<div class=\"elementor-element elementor-element-2d90f43 elementor-hidden-desktop elementor-hidden-tablet elementor-hidden-mobile elementor-widget elementor-widget-heading\" data-id=\"2d90f43\" data-element_type=\"widget\" data-widget_type=\"heading.default\">\n\t\t\t\t<div class=\"elementor-widget-container\">\n\t\t\t\t\t<h2 class=\"elementor-heading-title elementor-size-default\">Ut enim ad minim veniam, quis nostrud exercitation ullamco laboris nisi commodo consequat. Duis aute irure dolor in reprehenderit in voluptate velit<\/h2>\t\t\t\t<\/div>\n\t\t\t\t<\/div>\n\t\t\t\t<div class=\"elementor-element elementor-element-e2784f0 elementor-hidden-desktop elementor-hidden-tablet elementor-hidden-mobile elementor-icon-list--layout-traditional elementor-list-item-link-full_width elementor-widget elementor-widget-icon-list\" data-id=\"e2784f0\" data-element_type=\"widget\" data-widget_type=\"icon-list.default\">\n\t\t\t\t<div class=\"elementor-widget-container\">\n\t\t\t\t\t\t\t<ul class=\"elementor-icon-list-items\">\n\t\t\t\t\t\t\t<li class=\"elementor-icon-list-item\">\n\t\t\t\t\t\t\t\t\t\t\t<span class=\"elementor-icon-list-icon\">\n\t\t\t\t\t\t\t<i aria-hidden=\"true\" class=\" icon-tick\"><\/i>\t\t\t\t\t\t<\/span>\n\t\t\t\t\t\t\t\t\t\t<span class=\"elementor-icon-list-text\"> Nostrud exercitation ullamco laboris consequat.reprehenderit in voluptate<\/span>\n\t\t\t\t\t\t\t\t\t<\/li>\n\t\t\t\t\t\t\t\t<li class=\"elementor-icon-list-item\">\n\t\t\t\t\t\t\t\t\t\t\t<span class=\"elementor-icon-list-icon\">\n\t\t\t\t\t\t\t<i aria-hidden=\"true\" class=\" icon-tick\"><\/i>\t\t\t\t\t\t<\/span>\n\t\t\t\t\t\t\t\t\t\t<span class=\"elementor-icon-list-text\"> Excepteur sint occaecat cupidatat non proident, sunt in culpa qui officia<\/span>\n\t\t\t\t\t\t\t\t\t<\/li>\n\t\t\t\t\t\t<\/ul>\n\t\t\t\t\t\t<\/div>\n\t\t\t\t<\/div>\n\t\t\t\t<div class=\"elementor-element elementor-element-1754d57 elementor-hidden-desktop elementor-hidden-tablet elementor-hidden-mobile elementor-widget elementor-widget-heading\" data-id=\"1754d57\" data-element_type=\"widget\" data-widget_type=\"heading.default\">\n\t\t\t\t<div class=\"elementor-widget-container\">\n\t\t\t\t\t<h2 class=\"elementor-heading-title elementor-size-default\">Nemo enim ipsam voluptatem quia voluptas sit aspernatur aut odit aut consequun magni dolores eos qui ratione volsnesciunt.Neque porro quisquam est, qui dolorem ipsum quia dolor sit amet, consectetur, sed quia non numquam eius modi tempora incidunt ut labore et dolore<\/h2>\t\t\t\t<\/div>\n\t\t\t\t<\/div>\n\t\t\t\t<div class=\"elementor-element elementor-element-b72354f elementor-hidden-desktop elementor-hidden-tablet elementor-hidden-mobile elementor-icon-list--layout-traditional elementor-list-item-link-full_width elementor-widget elementor-widget-icon-list\" data-id=\"b72354f\" data-element_type=\"widget\" data-widget_type=\"icon-list.default\">\n\t\t\t\t<div class=\"elementor-widget-container\">\n\t\t\t\t\t\t\t<ul class=\"elementor-icon-list-items\">\n\t\t\t\t\t\t\t<li class=\"elementor-icon-list-item\">\n\t\t\t\t\t\t\t\t\t\t\t<span class=\"elementor-icon-list-icon\">\n\t\t\t\t\t\t\t<svg aria-hidden=\"true\" class=\"e-font-icon-svg e-far-dot-circle\" viewBox=\"0 0 512 512\" xmlns=\"http:\/\/www.w3.org\/2000\/svg\"><path d=\"M256 56c110.532 0 200 89.451 200 200 0 110.532-89.451 200-200 200-110.532 0-200-89.451-200-200 0-110.532 89.451-200 200-200m0-48C119.033 8 8 119.033 8 256s111.033 248 248 248 248-111.033 248-248S392.967 8 256 8zm0 168c-44.183 0-80 35.817-80 80s35.817 80 80 80 80-35.817 80-80-35.817-80-80-80z\"><\/path><\/svg>\t\t\t\t\t\t<\/span>\n\t\t\t\t\t\t\t\t\t\t<span class=\"elementor-icon-list-text\">Excepteur sint occaecat cupidatat non proident, sunt in culpa qui officia deserunt<\/span>\n\t\t\t\t\t\t\t\t\t<\/li>\n\t\t\t\t\t\t\t\t<li class=\"elementor-icon-list-item\">\n\t\t\t\t\t\t\t\t\t\t\t<span class=\"elementor-icon-list-icon\">\n\t\t\t\t\t\t\t<svg aria-hidden=\"true\" class=\"e-font-icon-svg e-far-dot-circle\" viewBox=\"0 0 512 512\" xmlns=\"http:\/\/www.w3.org\/2000\/svg\"><path d=\"M256 56c110.532 0 200 89.451 200 200 0 110.532-89.451 200-200 200-110.532 0-200-89.451-200-200 0-110.532 89.451-200 200-200m0-48C119.033 8 8 119.033 8 256s111.033 248 248 248 248-111.033 248-248S392.967 8 256 8zm0 168c-44.183 0-80 35.817-80 80s35.817 80 80 80 80-35.817 80-80-35.817-80-80-80z\"><\/path><\/svg>\t\t\t\t\t\t<\/span>\n\t\t\t\t\t\t\t\t\t\t<span class=\"elementor-icon-list-text\">Sed ut perspiciatis unde omnis iste natus error sit voluptatem accusantium<\/span>\n\t\t\t\t\t\t\t\t\t<\/li>\n\t\t\t\t\t\t\t\t<li class=\"elementor-icon-list-item\">\n\t\t\t\t\t\t\t\t\t\t\t<span class=\"elementor-icon-list-icon\">\n\t\t\t\t\t\t\t<svg aria-hidden=\"true\" class=\"e-font-icon-svg e-far-dot-circle\" viewBox=\"0 0 512 512\" xmlns=\"http:\/\/www.w3.org\/2000\/svg\"><path d=\"M256 56c110.532 0 200 89.451 200 200 0 110.532-89.451 200-200 200-110.532 0-200-89.451-200-200 0-110.532 89.451-200 200-200m0-48C119.033 8 8 119.033 8 256s111.033 248 248 248 248-111.033 248-248S392.967 8 256 8zm0 168c-44.183 0-80 35.817-80 80s35.817 80 80 80 80-35.817 80-80-35.817-80-80-80z\"><\/path><\/svg>\t\t\t\t\t\t<\/span>\n\t\t\t\t\t\t\t\t\t\t<span class=\"elementor-icon-list-text\">Neque porro quisquam est, qui dolorem ipsum quia dolor sit amet, consectetur,<\/span>\n\t\t\t\t\t\t\t\t\t<\/li>\n\t\t\t\t\t\t<\/ul>\n\t\t\t\t\t\t<\/div>\n\t\t\t\t<\/div>\n\t\t\t\t<div class=\"elementor-element elementor-element-2eef6de elementor-hidden-desktop elementor-hidden-tablet elementor-hidden-mobile elementor-widget elementor-widget-image\" data-id=\"2eef6de\" data-element_type=\"widget\" data-widget_type=\"image.default\">\n\t\t\t\t<div class=\"elementor-widget-container\">\n\t\t\t\t\t\t\t\t\t\t\t\t\t\t\t<img decoding=\"async\" width=\"770\" height=\"400\" src=\"https:\/\/pavageryan.com\/wp-content\/uploads\/2023\/04\/services-details-img2.jpg\" class=\"attachment-full size-full wp-image-1410\" alt=\"\" srcset=\"https:\/\/pavageryan.com\/wp-content\/uploads\/2023\/04\/services-details-img2.jpg 770w, https:\/\/pavageryan.com\/wp-content\/uploads\/2023\/04\/services-details-img2-300x156.jpg 300w, https:\/\/pavageryan.com\/wp-content\/uploads\/2023\/04\/services-details-img2-768x399.jpg 768w\" sizes=\"(max-width: 770px) 100vw, 770px\" \/>\t\t\t\t\t\t\t\t\t\t\t\t\t\t\t<\/div>\n\t\t\t\t<\/div>\n\t\t\t\t<div class=\"elementor-element elementor-element-aeccb2b elementor-hidden-desktop elementor-hidden-tablet elementor-hidden-mobile elementor-widget elementor-widget-heading\" data-id=\"aeccb2b\" data-element_type=\"widget\" data-widget_type=\"heading.default\">\n\t\t\t\t<div class=\"elementor-widget-container\">\n\t\t\t\t\t<h2 class=\"elementor-heading-title elementor-size-default\">Excepteur sint occaecat cupidatat non proident, sunt in culpa qui officia deserunt mollanim id est laborum. Sed ut perspiciatis unde omnis iste natus error voluptatem accusantium doloremque laudantium, totam rem aperiam,<\/h2>\t\t\t\t<\/div>\n\t\t\t\t<\/div>\n\t\t\t\t<div class=\"elementor-element elementor-element-b1b949e elementor-hidden-desktop elementor-hidden-tablet elementor-hidden-mobile elementor-widget elementor-widget-heading\" data-id=\"b1b949e\" data-element_type=\"widget\" data-widget_type=\"heading.default\">\n\t\t\t\t<div class=\"elementor-widget-container\">\n\t\t\t\t\t<h2 class=\"elementor-heading-title elementor-size-default\">Duis aute irure dolor in reprehenderit in voluptate velit esse cillum dolore eu fugiat nulla pariatur. Excepteur sint occaecat cupidatat non proident, sunt in culpa quisit ,officia deserunt mollit anim id est laborum. Sed ut perspiciatis unde omnis is amet natus error sit voluptatem accusantium doloremque laudantium, totam reaperia eaque ipsa quae ab ilnventore veritatis et quasi architecto beatae vitae dicta sunt<\/h2>\t\t\t\t<\/div>\n\t\t\t\t<\/div>\n\t\t\t\t<section class=\"elementor-section elementor-inner-section elementor-element elementor-element-e377a78 elementor-hidden-desktop elementor-hidden-tablet elementor-hidden-mobile elementor-section-boxed elementor-section-height-default elementor-section-height-default\" data-id=\"e377a78\" data-element_type=\"section\">\n\t\t\t\t\t\t<div class=\"elementor-container elementor-column-gap-default\">\n\t\t\t\t\t<div class=\"elementor-column elementor-col-50 elementor-inner-column elementor-element elementor-element-c7bf628\" data-id=\"c7bf628\" data-element_type=\"column\">\n\t\t\t<div class=\"elementor-widget-wrap elementor-element-populated\">\n\t\t\t\t\t\t<div class=\"elementor-element elementor-element-86607ed elementor-widget elementor-widget-image\" data-id=\"86607ed\" data-element_type=\"widget\" data-widget_type=\"image.default\">\n\t\t\t\t<div class=\"elementor-widget-container\">\n\t\t\t\t\t\t\t\t\t\t\t\t\t\t\t<img decoding=\"async\" width=\"270\" height=\"260\" src=\"https:\/\/pavageryan.com\/wp-content\/uploads\/2023\/04\/services-details-img3.jpg\" class=\"attachment-large size-large wp-image-1414\" alt=\"\" \/>\t\t\t\t\t\t\t\t\t\t\t\t\t\t\t<\/div>\n\t\t\t\t<\/div>\n\t\t\t\t\t<\/div>\n\t\t<\/div>\n\t\t\t\t<div class=\"elementor-column elementor-col-50 elementor-inner-column elementor-element elementor-element-4d4c91c\" data-id=\"4d4c91c\" data-element_type=\"column\">\n\t\t\t<div class=\"elementor-widget-wrap elementor-element-populated\">\n\t\t\t\t\t\t<div class=\"elementor-element elementor-element-22b546d elementor-widget elementor-widget-heading\" data-id=\"22b546d\" data-element_type=\"widget\" data-widget_type=\"heading.default\">\n\t\t\t\t<div class=\"elementor-widget-container\">\n\t\t\t\t\t<h2 class=\"elementor-heading-title elementor-size-default\">Duis aute irure dolor in reprehenderit in voluptate velit esse cillum dolore eu fugiat nulla pariatur.<\/h2>\t\t\t\t<\/div>\n\t\t\t\t<\/div>\n\t\t\t\t<div class=\"elementor-element elementor-element-3c71474 elementor-icon-list--layout-traditional elementor-list-item-link-full_width elementor-widget elementor-widget-icon-list\" data-id=\"3c71474\" data-element_type=\"widget\" data-widget_type=\"icon-list.default\">\n\t\t\t\t<div class=\"elementor-widget-container\">\n\t\t\t\t\t\t\t<ul class=\"elementor-icon-list-items\">\n\t\t\t\t\t\t\t<li class=\"elementor-icon-list-item\">\n\t\t\t\t\t\t\t\t\t\t\t<span class=\"elementor-icon-list-icon\">\n\t\t\t\t\t\t\t<i aria-hidden=\"true\" class=\" icon-tick\"><\/i>\t\t\t\t\t\t<\/span>\n\t\t\t\t\t\t\t\t\t\t<span class=\"elementor-icon-list-text\"> Duis aute irure dolor in reprehenderit in<\/span>\n\t\t\t\t\t\t\t\t\t<\/li>\n\t\t\t\t\t\t\t\t<li class=\"elementor-icon-list-item\">\n\t\t\t\t\t\t\t\t\t\t\t<span class=\"elementor-icon-list-icon\">\n\t\t\t\t\t\t\t<i aria-hidden=\"true\" class=\" icon-tick\"><\/i>\t\t\t\t\t\t<\/span>\n\t\t\t\t\t\t\t\t\t\t<span class=\"elementor-icon-list-text\"> voluptate velit esse cillum dolore eu fugiat<\/span>\n\t\t\t\t\t\t\t\t\t<\/li>\n\t\t\t\t\t\t\t\t<li class=\"elementor-icon-list-item\">\n\t\t\t\t\t\t\t\t\t\t\t<span class=\"elementor-icon-list-icon\">\n\t\t\t\t\t\t\t<i aria-hidden=\"true\" class=\" icon-tick\"><\/i>\t\t\t\t\t\t<\/span>\n\t\t\t\t\t\t\t\t\t\t<span class=\"elementor-icon-list-text\"> Kuis nostr exercitation ullamco laboris<\/span>\n\t\t\t\t\t\t\t\t\t<\/li>\n\t\t\t\t\t\t<\/ul>\n\t\t\t\t\t\t<\/div>\n\t\t\t\t<\/div>\n\t\t\t\t\t<\/div>\n\t\t<\/div>\n\t\t\t\t\t<\/div>\n\t\t<\/section>\n\t\t\t\t<div class=\"elementor-element elementor-element-30bd276 elementor-hidden-desktop elementor-hidden-tablet elementor-hidden-mobile elementor-widget elementor-widget-heading\" data-id=\"30bd276\" data-element_type=\"widget\" data-widget_type=\"heading.default\">\n\t\t\t\t<div class=\"elementor-widget-container\">\n\t\t\t\t\t<h2 class=\"elementor-heading-title elementor-size-default\">Excepteur sint occaecat cupidatat non proident, sunt in culpa qui officia deserunt mollanim id est laborum. Sed ut perspiciatis unde omnis iste natus error voluptatem accusantium doloremque laudantium, totam rem aperiam,<\/h2>\t\t\t\t<\/div>\n\t\t\t\t<\/div>\n\t\t\t\t<div class=\"elementor-element elementor-element-7396984 elementor-hidden-desktop elementor-hidden-tablet elementor-hidden-mobile elementor-widget elementor-widget-gardnma_accordion_block\" data-id=\"7396984\" data-element_type=\"widget\" data-widget_type=\"gardnma_accordion_block.default\">\n\t\t\t\t<div class=\"elementor-widget-container\">\n\t\t\t\t\t\n\t\n\n\t\t<!--Start Faq One Accordion-->\n\t\t\n\t\t\t<div class=\"faq-two__accordion faq-two__accordion--services\">\n\t\t\t\t<ul class=\"accordion-box\">\n\t\t\t\t\t\t\t\t\t<li class=\"accordion block active-block\">\n\t\t\t\t\t\t<div class=\"acc-btn active\">\n\t\t\t\t\t\t\t<div class=\"icon-outer\">\n\t\t\t\t\t\t\t\t<i class=\"icon-up-arrow\"><\/i>\n\t\t\t\t\t\t\t<\/div>\n\t\t\t\t\t\t\t<h3>\n\t\t\t\t\t\t\tFew Resons Why You Should Choose Us\t\t\t\t\t\t\t<\/h3>\n\t\t\t\t\t\t<\/div>\n\t\t\t\t\t\t<div class=\"acc-content current\">\n\t\t\t\t\t\t\t<p>Excepteur sint occaecat cupidatat non proide sunt in culpa qui off\n                                                deserunt mollit anim id est laborum. omnis iste natus error sites\n                                                voluptate audantium, totam rem aperiam tiou estfhh ukake.<\/p>\n\t\t\t\t\t\t<\/div>\n\t\t\t\t\t<\/li>\n\t\t\t\t\t\t\t\t\t\t<li class=\"accordion block \">\n\t\t\t\t\t\t<div class=\"acc-btn \">\n\t\t\t\t\t\t\t<div class=\"icon-outer\">\n\t\t\t\t\t\t\t\t<i class=\"icon-up-arrow\"><\/i>\n\t\t\t\t\t\t\t<\/div>\n\t\t\t\t\t\t\t<h3>\n\t\t\t\t\t\t\tFew Resons Why You Should Choose Us\t\t\t\t\t\t\t<\/h3>\n\t\t\t\t\t\t<\/div>\n\t\t\t\t\t\t<div class=\"acc-content \">\n\t\t\t\t\t\t\t<p>Excepteur sint occaecat cupidatat non proide sunt in culpa qui off\n                                                deserunt mollit anim id est laborum. omnis iste natus error sites\n                                                voluptate audantium, totam rem aperiam tiou estfhh ukake.<\/p>\n\t\t\t\t\t\t<\/div>\n\t\t\t\t\t<\/li>\n\t\t\t\t\t\t\t\t\t\t<li class=\"accordion block \">\n\t\t\t\t\t\t<div class=\"acc-btn \">\n\t\t\t\t\t\t\t<div class=\"icon-outer\">\n\t\t\t\t\t\t\t\t<i class=\"icon-up-arrow\"><\/i>\n\t\t\t\t\t\t\t<\/div>\n\t\t\t\t\t\t\t<h3>\n\t\t\t\t\t\t\t How To Update Application New Features\t\t\t\t\t\t\t<\/h3>\n\t\t\t\t\t\t<\/div>\n\t\t\t\t\t\t<div class=\"acc-content \">\n\t\t\t\t\t\t\t<p>Excepteur sint occaecat cupidatat non proide sunt in culpa qui off\n                                                deserunt mollit anim id est laborum. omnis iste natus error sites\n                                                voluptate audantium, totam rem aperiam tiou estfhh ukake.<\/p>\n\t\t\t\t\t\t<\/div>\n\t\t\t\t\t<\/li>\n\t\t\t\t\t\t\t\t\t<\/ul>\n\t\t\t<\/div>\n\t\t\n\t\t<!--End Faq One Accordion-->\n               \n\n\n    \t\t\t\t<\/div>\n\t\t\t\t<\/div>\n\t\t\t\t\t<\/div>\n\t\t<\/div>\n\t\t\t\t<div class=\"elementor-column elementor-col-50 elementor-top-column elementor-element elementor-element-1bb812e\" data-id=\"1bb812e\" data-element_type=\"column\">\n\t\t\t<div class=\"elementor-widget-wrap elementor-element-populated\">\n\t\t\t\t\t\t<div class=\"elementor-element elementor-element-46f11fa elementor-widget__width-initial elementor-widget elementor-widget-gardnma_sidebar_block\" data-id=\"46f11fa\" data-element_type=\"widget\" data-widget_type=\"gardnma_sidebar_block.default\">\n\t\t\t\t<div class=\"elementor-widget-container\">\n\t\t\t\t\t\t\t\n\t\t  \n                        <div class=\"sidebar\">\n\n                            <!--Start Sidebar Single-->\n                            <div class=\"sidebar__single sidebar__category wow animated fadeInUp\" data-wow-delay=\"0.2s\">\n                                <h3 class=\"sidebar__title\">Services<\/h3>\n                                <ul class=\"sidebar__category-list\">\n\t\t\t\t\t\t\t\t\t\t\t\t\t\t\t\t<li class=\"\"><a href=\"https:\/\/pavageryan.com\/index.php\/pave-uni-asphalte\/\">Pav\u00e9-Uni | Asphalte<\/a><\/li>\n\t\t\t\t\t\t\t\t\t\t\t\t\t\t\t\t<li class=\"\"><a href=\"https:\/\/pavageryan.com\/index.php\/amenagement-paysager\/\">Am\u00e9nagement paysager<\/a><\/li>\n\t\t\t\t\t\t\t\t\t\t\t\t\t\t\t\t<li class=\"active\"><a href=\"https:\/\/pavageryan.com\/index.php\/installation-des-clotures\/\">Installation des cl\u00f4tures<\/a><\/li>\n\t\t\t\t\t\t\t\t\t\t\t\t\t\t\t\t<li class=\"\"><a href=\"https:\/\/pavageryan.com\/index.php\/garantie-et-politique\/\">Garantie et politiques<\/a><\/li>\n\t\t\t\t\t\t\t\t                                <\/ul>\n                            <\/div>\n                            <!--End Sidebar Single-->\n\n                            <!--Start Sidebar Single-->\n                            \n                            <!--End Sidebar Single-->\n\n                        <\/div>\n                    <\/div>\n                    <!--End Sidebar-->\n\n\n\n    \t\t\t\t<\/div>\n\t\t\t\t<\/div>\n\t\t\t\t\t<\/div>\n\t\t<\/div>\n\t\t\t\t\t<\/div>\n\t\t<\/section>\n\t\t\t\t<\/div>\n\t\t","protected":false},"excerpt":{"rendered":"<p>Installation des cl\u00f4tures Aussi nous installons les cl\u00f4ture en maille de cha\u00eenes (frost) avec ou sans Lattes d\u2019intimit\u00e9e et les cl\u00f4tures ornementales , Plusieurs mod\u00e8les et couleurs disponibles. Appelez-nous d\u00e8s aujourd&rsquo;hui pour une estimation gratuite! Ut enim ad minim veniam, quis nostrud exercitation ullamco laboris nisi commodo consequat. Duis aute irure dolor in reprehenderit in [&hellip;]<\/p>\n","protected":false},"author":1,"featured_media":0,"parent":0,"menu_order":0,"comment_status":"closed","ping_status":"closed","template":"elementor_theme","meta":{"footnotes":""},"_links":{"self":[{"href":"https:\/\/pavageryan.com\/index.php\/wp-json\/wp\/v2\/pages\/2596"}],"collection":[{"href":"https:\/\/pavageryan.com\/index.php\/wp-json\/wp\/v2\/pages"}],"about":[{"href":"https:\/\/pavageryan.com\/index.php\/wp-json\/wp\/v2\/types\/page"}],"author":[{"embeddable":true,"href":"https:\/\/pavageryan.com\/index.php\/wp-json\/wp\/v2\/users\/1"}],"replies":[{"embeddable":true,"href":"https:\/\/pavageryan.com\/index.php\/wp-json\/wp\/v2\/comments?post=2596"}],"version-history":[{"count":13,"href":"https:\/\/pavageryan.com\/index.php\/wp-json\/wp\/v2\/pages\/2596\/revisions"}],"predecessor-version":[{"id":2678,"href":"https:\/\/pavageryan.com\/index.php\/wp-json\/wp\/v2\/pages\/2596\/revisions\/2678"}],"wp:attachment":[{"href":"https:\/\/pavageryan.com\/index.php\/wp-json\/wp\/v2\/media?parent=2596"}],"curies":[{"name":"wp","href":"https:\/\/api.w.org\/{rel}","templated":true}]}}